{"id":3852,"date":"2025-11-09T13:17:50","date_gmt":"2025-11-09T12:17:50","guid":{"rendered":"https:\/\/lubu.hu\/?page_id=3852"},"modified":"2025-11-30T15:25:15","modified_gmt":"2025-11-30T14:25:15","slug":"munkaink","status":"publish","type":"page","link":"https:\/\/lubu.hu\/?page_id=3852","title":{"rendered":"Munk\u00e1ink"},"content":{"rendered":"\t\t<div data-elementor-type=\"wp-page\" data-elementor-id=\"3852\" class=\"elementor elementor-3852\">\n\t\t\t\t<div class=\"elementor-element elementor-element-dbcbbec e-flex e-con-boxed e-con e-parent\" data-id=\"dbcbbec\" data-element_type=\"container\" data-e-type=\"container\">\n\t\t\t\t\t<div class=\"e-con-inner\">\n\t\t\t\t<div class=\"elementor-element elementor-element-d70cf34 elementor-widget elementor-widget-html\" data-id=\"d70cf34\" data-element_type=\"widget\" data-e-type=\"widget\" data-widget_type=\"html.default\">\n\t\t\t\t\t<!-- \u2705 MUNK\u00c1INK SZEKCI\u00d3 \u2013 BEVEZET\u0150VEL -->\r\n<section class=\"projects-section\" aria-label=\"Munk\u00e1ink\">\r\n  <div class=\"projects-intro\">\r\n    <h2 class=\"projects-heading\"><\/h2>\r\n    <p class=\"projects-text\">\r\n      Fedezze fel eddigi munk\u00e1inkat \u2014 konyh\u00e1t\u00f3l a nappaliig, minden b\u00fatorunkat a st\u00edlus, a funkcionalit\u00e1s \u00e9s az egyedis\u00e9g jegy\u00e9ben tervezz\u00fck.\r\n    <\/p>\r\n  <\/div>\r\n\r\n  <div class=\"projects-container\">\r\n\r\n    <!-- Konyhab\u00fatorok -->\r\n    <a href=\"https:\/\/lubu.hu\/?page_id=3931\" class=\"project-card with-image\">\r\n      <img decoding=\"async\" src=\"https:\/\/lubu.hu\/wp-content\/uploads\/2025\/11\/thumbnail_IMG_0269.jpg\" alt=\"Konyhab\u00fatorok\" class=\"project-image\">\r\n      <div class=\"project-content\">\r\n        <h3 class=\"project-title\">Konyhab\u00fatorok<\/h3>\r\n        <p class=\"project-desc\">Modern \u00e9s funkcion\u00e1lis konyh\u00e1k, ahol a design tal\u00e1lkozik a praktikummal.<\/p>\r\n      <\/div>\r\n    <\/a>\r\n\r\n    <!-- Nappali b\u00fatorok -->\r\n    <a href=\"https:\/\/lubu.hu\/?page_id=3934\" class=\"project-card with-image\">\r\n      <img decoding=\"async\" src=\"https:\/\/lubu.hu\/wp-content\/uploads\/2025\/11\/thumbnail_IMG_4703.jpg\" alt=\"Nappali b\u00fatorok\" class=\"project-image\">\r\n      <div class=\"project-content\">\r\n        <h3 class=\"project-title\">Nappali b\u00fatorok<\/h3>\r\n        <p class=\"project-desc\">Eleg\u00e1ns, k\u00e9nyelmes \u00e9s egyedi megold\u00e1sok a mindennapi \u00e9let k\u00f6zpontj\u00e1ba.<\/p>\r\n      <\/div>\r\n    <\/a>\r\n\r\n    <!-- Gardr\u00f3bszekr\u00e9nyek -->\r\n    <a href=\"https:\/\/lubu.hu\/?page_id=3937\" class=\"project-card with-image\">\r\n      <img decoding=\"async\" src=\"https:\/\/lubu.hu\/wp-content\/uploads\/2025\/11\/thumbnail_IMG_6223.jpg\" alt=\"Gardr\u00f3bszekr\u00e9nyek\" class=\"project-image\">\r\n      <div class=\"project-content\">\r\n        <h3 class=\"project-title\">Gardr\u00f3bszekr\u00e9nyek<\/h3>\r\n        <p class=\"project-desc\">T\u00e1gas, st\u00edlusos \u00e9s szem\u00e9lyre szabott rendszerek a rendezett otthon\u00e9rt.<\/p>\r\n      <\/div>\r\n    <\/a>\r\n\r\n    <!-- El\u0151szoba b\u00fatorok -->\r\n    <a href=\"https:\/\/lubu.hu\/?page_id=4773\" class=\"project-card with-image\">\r\n      <img decoding=\"async\" src=\"https:\/\/lubu.hu\/wp-content\/uploads\/2025\/11\/thumbnail_IMG_4229.jpg\" alt=\"El\u0151szoba b\u00fatorok\" class=\"project-image\">\r\n      <div class=\"project-content\">\r\n        <h3 class=\"project-title\">El\u0151szoba b\u00fatorok<\/h3>\r\n        <p class=\"project-desc\">Rendezett \u00e9s st\u00edlusos megold\u00e1sok a bej\u00e1rat hangulatos berendez\u00e9s\u00e9hez.<\/p>\r\n      <\/div>\r\n    <\/a>\r\n\r\n    <!-- F\u00fcrd\u0151szoba b\u00fatorok -->\r\n    <a href=\"https:\/\/lubu.hu\/?page_id=3940\" class=\"project-card with-image\">\r\n      <img decoding=\"async\" src=\"https:\/\/lubu.hu\/wp-content\/uploads\/2025\/11\/thumbnail_IMG_2945.jpg\" alt=\"F\u00fcrd\u0151szoba b\u00fatorok\" class=\"project-image\">\r\n      <div class=\"project-content\">\r\n        <h3 class=\"project-title\">F\u00fcrd\u0151szoba b\u00fatorok<\/h3>\r\n        <p class=\"project-desc\">Letisztult, v\u00edz\u00e1ll\u00f3 \u00e9s tart\u00f3s megold\u00e1sok a nyugalom sziget\u00e9re.<\/p>\r\n      <\/div>\r\n    <\/a>\r\n\r\n    <!-- \u00dczletberendez\u00e9sek -->\r\n    <a href=\"https:\/\/lubu.hu\/?page_id=4755\" class=\"project-card with-image\">\r\n      <img decoding=\"async\" src=\"https:\/\/lubu.hu\/wp-content\/uploads\/2025\/11\/thumbnail_IMG_0290-nagyitott-1.jpg\" alt=\"\u00dczletberendez\u00e9sek\" class=\"project-image\">\r\n      <div class=\"project-content\">\r\n        <h3 class=\"project-title\">\u00dczletberendez\u00e9sek<\/h3>\r\n        <p class=\"project-desc\">Eszt\u00e9tikus, harmonikus kialak\u00edt\u00e1s, amely t\u00fckr\u00f6zi \u00fczleted karakter\u00e9t.<\/p>\r\n      <\/div>\r\n    <\/a>\r\n\r\n  <\/div>\r\n<\/section>\r\n\r\n<style>\r\n@import url('https:\/\/fonts.googleapis.com\/css2?family=Montserrat:wght@300;400;600&display=swap');\r\n\r\n.projects-section {\r\n  background: #000;\r\n  color: #fff;\r\n  font-family: 'Montserrat', sans-serif;\r\n  padding: 80px 20px;\r\n  text-align: center;\r\n}\r\n\r\n\/* Bevezet\u0151 sz\u00f6veg *\/\r\n.projects-intro {\r\n  max-width: 800px;\r\n  margin: 0 auto 50px;\r\n}\r\n.projects-heading {\r\n  font-size: 28px;\r\n  font-weight: 600;\r\n  color: #fff;\r\n  margin-bottom: 10px;\r\n  letter-spacing: 1px;\r\n}\r\n.projects-text {\r\n  font-size: 15px;\r\n  color: #bfbfbf;\r\n  line-height: 1.7;\r\n  font-weight: 300;\r\n}\r\n\r\n\/* K\u00e1rty\u00e1k *\/\r\n.projects-container {\r\n  display: grid;\r\n  grid-template-columns: repeat(auto-fit, minmax(220px, 1fr));\r\n  gap: 30px;\r\n  max-width: 1000px;\r\n  margin: 0 auto;\r\n  border: 1px solid rgba(255,255,255,0.06);\r\n  border-radius: 14px;\r\n  overflow: hidden;\r\n}\r\n\r\n.project-card {\r\n  display: flex;\r\n  flex-direction: column;\r\n  justify-content: center;\r\n  align-items: center;\r\n  background: #000;\r\n  border-bottom: 1px solid rgba(255,255,255,0.07);\r\n  border-right: 1px solid rgba(255,255,255,0.07);\r\n  padding: 35px 22px;\r\n  text-decoration: none !important;\r\n  transition: all 0.3s ease;\r\n  box-shadow: inset 0 0 12px rgba(255,255,255,0.03);\r\n  color: #fff;\r\n  position: relative;\r\n  overflow: hidden;\r\n  opacity: 0;\r\n  transform: scale(0.9);\r\n  animation: zoomIn 0.9s ease forwards;\r\n  min-height: 400px ;\r\n}\r\n\r\n.project-card:nth-child(1) { animation-delay: 0.1s; }\r\n.project-card:nth-child(2) { animation-delay: 0.25s; }\r\n.project-card:nth-child(3) { animation-delay: 0.4s; }\r\n.project-card:nth-child(4) { animation-delay: 0.55s; }\r\n\r\n.project-card:nth-child(2n) { border-right: none; }\r\n@media (max-width: 600px) {\r\n  .project-card { border-right: none; }\r\n}\r\n\r\n\/* Hover anim\u00e1ci\u00f3 *\/\r\n.project-card:hover {\r\n  transform: scale(1.06);\r\n  border-color: rgba(255,255,255,0.2);\r\n  box-shadow: 0 0 22px rgba(255,255,255,0.25), 0 2px 10px rgba(0,0,0,0.6);\r\n}\r\n\r\n.project-card::before {\r\n  content: \"\";\r\n  position: absolute;\r\n  inset: 0;\r\n  background: radial-gradient(circle at center, rgba(255,255,255,0.12), transparent 70%);\r\n  opacity: 0;\r\n  transition: opacity 0.3s ease;\r\n}\r\n.project-card:hover::before {\r\n  opacity: 1;\r\n}\r\n\r\n.project-title {\r\n  font-size: 18px;\r\n  font-weight: 600;\r\n  margin-bottom: 10px;\r\n  color: #f4f4f4;\r\n  letter-spacing: 0.6px;\r\n}\r\n.project-desc {\r\n  font-size: 13.5px;\r\n  color: #bfbfbf;\r\n  line-height: 1.5;\r\n  max-width: 260px;\r\n  font-weight: 300;\r\n}\r\n\r\n\/* K\u00e9pes k\u00e1rtya *\/\r\n.with-image {\r\n  padding: 0;\r\n}\r\n.project-image {\r\n  width: 100%;\r\n  height: 220px;\r\n  object-fit: cover;\r\n  display: block;\r\n  opacity: 1 !important;            \/* teljes f\u00e9nyer\u0151 *\/\r\n  filter: none !important;          \/* nincs halv\u00e1ny\u00edt\u00e1s *\/\r\n  image-rendering: -webkit-optimize-contrast;\r\n  image-rendering: crisp-edges;\r\n  transition: transform 0.4s ease;\r\n}\r\n.with-image:hover .project-image {\r\n  transform: scale(1.05);\r\n}\r\n\r\n.project-content {\r\n  padding: 25px 22px;\r\n}\r\n\r\n@keyframes zoomIn {\r\n  from { opacity: 0; transform: scale(0.9); }\r\n  to { opacity: 1; transform: scale(1); }\r\n}\r\n\r\n@media (max-width: 600px) {\r\n  .project-card { padding: 25px 16px; }\r\n  .project-title { font-size: 16px; }\r\n  .project-desc { font-size: 13px; }\r\n}\r\n<\/style>\r\n\t\t\t\t<\/div>\n\t\t\t\t\t<\/div>\n\t\t\t\t<\/div>\n\t\t<div class=\"elementor-element elementor-element-2e8e003 e-flex e-con-boxed e-con e-parent\" data-id=\"2e8e003\" data-element_type=\"container\" data-e-type=\"container\">\n\t\t\t\t\t<div class=\"e-con-inner\">\n\t\t\t\t<div class=\"elementor-element elementor-element-189a338 elementor-widget elementor-widget-html\" data-id=\"189a338\" data-element_type=\"widget\" data-e-type=\"widget\" data-widget_type=\"html.default\">\n\t\t\t\t\t<!-- \u2705 K\u00d6Z\u00c9PEN LOG\u00d3 \u00c9S BE\u00daSZ\u00d3 SZ\u00d6VEG -->\r\n<div class=\"footer-logo-container\">\r\n  <img decoding=\"async\" src=\"https:\/\/lubu.hu\/wp-content\/uploads\/2025\/11\/logo001-removebg-preview.png\" alt=\"Lubu.hu logo\" class=\"footer-logo\">\r\n  <span class=\"footer-text\">www.lubu.hu<\/span>\r\n<\/div>\r\n\r\n<style>\r\n\/* Kont\u00e9ner a log\u00f3nak \u00e9s sz\u00f6vegnek *\/\r\n.footer-logo-container {\r\n  background-color: #000;      \/* fekete h\u00e1tt\u00e9r *\/\r\n  display: flex;\r\n  flex-direction: column;      \/* log\u00f3 f\u00f6l\u00e9 a sz\u00f6veg *\/\r\n  align-items: center;         \/* v\u00edzszintesen k\u00f6z\u00e9pre *\/\r\n  justify-content: center;     \/* f\u00fcgg\u0151legesen k\u00f6z\u00e9pre, ha kell *\/\r\n  padding: 40px 20px;\r\n  position: relative;\r\n  overflow: hidden;\r\n}\r\n\r\n\/* Log\u00f3 st\u00edlus *\/\r\n.footer-logo {\r\n  width: 220px;\r\n  height: auto;\r\n  margin-bottom: 20px;\r\n  opacity: 0;\r\n  transform: scale(0.7);\r\n  animation: logoFadeIn 1.8s ease forwards;\r\n}\r\n\r\n\/* Be\u00fasz\u00f3 sz\u00f6veg st\u00edlus *\/\r\n.footer-text {\r\n  font-family: 'Montserrat', sans-serif;\r\n  font-size: 20px;\r\n  font-weight: 600;\r\n  color: #fff;\r\n  letter-spacing: 1px;\r\n  text-transform: lowercase;\r\n  opacity: 0;\r\n  transform: translateY(30px);\r\n  animation: textSlideIn 2s ease forwards;\r\n  animation-delay: 1s; \/* a log\u00f3 ut\u00e1n jelenik meg *\/\r\n}\r\n\r\n\/* Log\u00f3 anim\u00e1ci\u00f3 *\/\r\n@keyframes logoFadeIn {\r\n  0% { opacity: 0; transform: scale(0.7); }\r\n  70% { opacity: 1; transform: scale(1.05); }\r\n  100% { opacity: 1; transform: scale(1); }\r\n}\r\n\r\n\/* Sz\u00f6veg be\u00fasz\u00e1s anim\u00e1ci\u00f3 *\/\r\n@keyframes textSlideIn {\r\n  0% { opacity: 0; transform: translateY(30px); }\r\n  100% { opacity: 1; transform: translateY(0); }\r\n}\r\n\r\n\/* Mobilbar\u00e1t *\/\r\n@media (max-width: 768px) {\r\n  .footer-logo { width: 160px; }\r\n  .footer-text { font-size: 16px; }\r\n}\r\n<\/style>\r\n\t\t\t\t<\/div>\n\t\t\t\t\t<\/div>\n\t\t\t\t<\/div>\n\t\t\t\t<\/div>\n\t\t","protected":false},"excerpt":{"rendered":"<p>Fedezze fel eddigi munk\u00e1inkat \u2014 konyh\u00e1t\u00f3l a nappaliig, minden b\u00fatorunkat a st\u00edlus, a funkcionalit\u00e1s \u00e9s az egyedis\u00e9g jegy\u00e9ben tervezz\u00fck. Konyhab\u00fatorok Modern \u00e9s funkcion\u00e1lis konyh\u00e1k, ahol a design tal\u00e1lkozik a praktikummal. Nappali b\u00fatorok Eleg\u00e1ns, k\u00e9nyelmes \u00e9s egyedi megold\u00e1sok a mindennapi \u00e9let k\u00f6zpontj\u00e1ba. Gardr\u00f3bszekr\u00e9nyek T\u00e1gas, st\u00edlusos \u00e9s szem\u00e9lyre szabott rendszerek a rendezett otthon\u00e9rt. El\u0151szoba b\u00fatorok Rendezett \u00e9s [&hellip;]<\/p>\n","protected":false},"author":1,"featured_media":0,"parent":0,"menu_order":0,"comment_status":"closed","ping_status":"closed","template":"","meta":{"footnotes":""},"class_list":["post-3852","page","type-page","status-publish","hentry"],"yoast_head":"<!-- This site is optimized with the Yoast SEO plugin v26.6 - https:\/\/yoast.com\/wordpress\/plugins\/seo\/ -->\n<title>Munk\u00e1ink \u2013 Egyedi b\u00fator referenci\u00e1k | Lubu B\u00fatorMunk\u00e1ink -<\/title>\n<meta name=\"description\" content=\"Tekintsd meg elk\u00e9sz\u00fclt egyedi b\u00fatorainkat! Konyh\u00e1k, nappali b\u00fatorok, gardr\u00f3bok \u00e9s f\u00fcrd\u0151szobab\u00fatorok \u2013 modern, eleg\u00e1ns megold\u00e1sok.\" \/>\n<meta name=\"robots\" content=\"index, follow, max-snippet:-1, max-image-preview:large, max-video-preview:-1\" \/>\n<link rel=\"canonical\" href=\"https:\/\/lubu.hu\/?page_id=3852\" \/>\n<meta property=\"og:locale\" content=\"hu_HU\" \/>\n<meta property=\"og:type\" content=\"article\" \/>\n<meta property=\"og:title\" content=\"Munk\u00e1ink \u2013 Egyedi b\u00fator referenci\u00e1k | Lubu B\u00fatorMunk\u00e1ink -\" \/>\n<meta property=\"og:description\" content=\"Tekintsd meg elk\u00e9sz\u00fclt egyedi b\u00fatorainkat! Konyh\u00e1k, nappali b\u00fatorok, gardr\u00f3bok \u00e9s f\u00fcrd\u0151szobab\u00fatorok \u2013 modern, eleg\u00e1ns megold\u00e1sok.\" \/>\n<meta property=\"og:url\" content=\"https:\/\/lubu.hu\/?page_id=3852\" \/>\n<meta property=\"article:modified_time\" content=\"2025-11-30T14:25:15+00:00\" \/>\n<meta property=\"og:image\" content=\"https:\/\/lubu.hu\/wp-content\/uploads\/2025\/11\/thumbnail_IMG_0269.jpg\" \/>\n<meta name=\"twitter:card\" content=\"summary_large_image\" \/>\n<meta name=\"twitter:label1\" content=\"Becs\u00fclt olvas\u00e1si id\u0151\" \/>\n\t<meta name=\"twitter:data1\" content=\"5 perc\" \/>\n<script type=\"application\/ld+json\" class=\"yoast-schema-graph\">{\"@context\":\"https:\/\/schema.org\",\"@graph\":[{\"@type\":\"WebPage\",\"@id\":\"https:\/\/lubu.hu\/?page_id=3852\",\"url\":\"https:\/\/lubu.hu\/?page_id=3852\",\"name\":\"Munk\u00e1ink \u2013 Egyedi b\u00fator referenci\u00e1k | Lubu B\u00fatorMunk\u00e1ink -\",\"isPartOf\":{\"@id\":\"https:\/\/lubu.hu\/#website\"},\"primaryImageOfPage\":{\"@id\":\"https:\/\/lubu.hu\/?page_id=3852#primaryimage\"},\"image\":{\"@id\":\"https:\/\/lubu.hu\/?page_id=3852#primaryimage\"},\"thumbnailUrl\":\"https:\/\/lubu.hu\/wp-content\/uploads\/2025\/11\/thumbnail_IMG_0269.jpg\",\"datePublished\":\"2025-11-09T12:17:50+00:00\",\"dateModified\":\"2025-11-30T14:25:15+00:00\",\"description\":\"Tekintsd meg elk\u00e9sz\u00fclt egyedi b\u00fatorainkat! Konyh\u00e1k, nappali b\u00fatorok, gardr\u00f3bok \u00e9s f\u00fcrd\u0151szobab\u00fatorok \u2013 modern, eleg\u00e1ns megold\u00e1sok.\",\"breadcrumb\":{\"@id\":\"https:\/\/lubu.hu\/?page_id=3852#breadcrumb\"},\"inLanguage\":\"hu\",\"potentialAction\":[{\"@type\":\"ReadAction\",\"target\":[\"https:\/\/lubu.hu\/?page_id=3852\"]}]},{\"@type\":\"ImageObject\",\"inLanguage\":\"hu\",\"@id\":\"https:\/\/lubu.hu\/?page_id=3852#primaryimage\",\"url\":\"https:\/\/lubu.hu\/wp-content\/uploads\/2025\/11\/thumbnail_IMG_0269.jpg\",\"contentUrl\":\"https:\/\/lubu.hu\/wp-content\/uploads\/2025\/11\/thumbnail_IMG_0269.jpg\",\"width\":960,\"height\":1280},{\"@type\":\"BreadcrumbList\",\"@id\":\"https:\/\/lubu.hu\/?page_id=3852#breadcrumb\",\"itemListElement\":[{\"@type\":\"ListItem\",\"position\":1,\"name\":\"Kezd\u0151lap\",\"item\":\"https:\/\/lubu.hu\/\"},{\"@type\":\"ListItem\",\"position\":2,\"name\":\"Munk\u00e1ink\"}]},{\"@type\":\"WebSite\",\"@id\":\"https:\/\/lubu.hu\/#website\",\"url\":\"https:\/\/lubu.hu\/\",\"name\":\"lubu.hu\",\"description\":\"\",\"publisher\":{\"@id\":\"https:\/\/lubu.hu\/#\/schema\/person\/d6d149ba5b76e39edaa9e71d68ef076a\"},\"potentialAction\":[{\"@type\":\"SearchAction\",\"target\":{\"@type\":\"EntryPoint\",\"urlTemplate\":\"https:\/\/lubu.hu\/?s={search_term_string}\"},\"query-input\":{\"@type\":\"PropertyValueSpecification\",\"valueRequired\":true,\"valueName\":\"search_term_string\"}}],\"inLanguage\":\"hu\"},{\"@type\":[\"Person\",\"Organization\"],\"@id\":\"https:\/\/lubu.hu\/#\/schema\/person\/d6d149ba5b76e39edaa9e71d68ef076a\",\"name\":\"lukacspeter@outlook.hu\",\"image\":{\"@type\":\"ImageObject\",\"inLanguage\":\"hu\",\"@id\":\"https:\/\/lubu.hu\/#\/schema\/person\/image\/\",\"url\":\"https:\/\/secure.gravatar.com\/avatar\/ce258f504fc85a258d807f19cecbc60528ed4c8863a94cd7b1163667544bf084?s=96&d=mm&r=g\",\"contentUrl\":\"https:\/\/secure.gravatar.com\/avatar\/ce258f504fc85a258d807f19cecbc60528ed4c8863a94cd7b1163667544bf084?s=96&d=mm&r=g\",\"caption\":\"lukacspeter@outlook.hu\"},\"logo\":{\"@id\":\"https:\/\/lubu.hu\/#\/schema\/person\/image\/\"},\"sameAs\":[\"http:\/\/lubu.hu\"]}]}<\/script>\n<!-- \/ Yoast SEO plugin. -->","yoast_head_json":{"title":"Munk\u00e1ink \u2013 Egyedi b\u00fator referenci\u00e1k | Lubu B\u00fatorMunk\u00e1ink -","description":"Tekintsd meg elk\u00e9sz\u00fclt egyedi b\u00fatorainkat! Konyh\u00e1k, nappali b\u00fatorok, gardr\u00f3bok \u00e9s f\u00fcrd\u0151szobab\u00fatorok \u2013 modern, eleg\u00e1ns megold\u00e1sok.","robots":{"index":"index","follow":"follow","max-snippet":"max-snippet:-1","max-image-preview":"max-image-preview:large","max-video-preview":"max-video-preview:-1"},"canonical":"https:\/\/lubu.hu\/?page_id=3852","og_locale":"hu_HU","og_type":"article","og_title":"Munk\u00e1ink \u2013 Egyedi b\u00fator referenci\u00e1k | Lubu B\u00fatorMunk\u00e1ink -","og_description":"Tekintsd meg elk\u00e9sz\u00fclt egyedi b\u00fatorainkat! Konyh\u00e1k, nappali b\u00fatorok, gardr\u00f3bok \u00e9s f\u00fcrd\u0151szobab\u00fatorok \u2013 modern, eleg\u00e1ns megold\u00e1sok.","og_url":"https:\/\/lubu.hu\/?page_id=3852","article_modified_time":"2025-11-30T14:25:15+00:00","og_image":[{"url":"https:\/\/lubu.hu\/wp-content\/uploads\/2025\/11\/thumbnail_IMG_0269.jpg","type":"","width":"","height":""}],"twitter_card":"summary_large_image","twitter_misc":{"Becs\u00fclt olvas\u00e1si id\u0151":"5 perc"},"schema":{"@context":"https:\/\/schema.org","@graph":[{"@type":"WebPage","@id":"https:\/\/lubu.hu\/?page_id=3852","url":"https:\/\/lubu.hu\/?page_id=3852","name":"Munk\u00e1ink \u2013 Egyedi b\u00fator referenci\u00e1k | Lubu B\u00fatorMunk\u00e1ink -","isPartOf":{"@id":"https:\/\/lubu.hu\/#website"},"primaryImageOfPage":{"@id":"https:\/\/lubu.hu\/?page_id=3852#primaryimage"},"image":{"@id":"https:\/\/lubu.hu\/?page_id=3852#primaryimage"},"thumbnailUrl":"https:\/\/lubu.hu\/wp-content\/uploads\/2025\/11\/thumbnail_IMG_0269.jpg","datePublished":"2025-11-09T12:17:50+00:00","dateModified":"2025-11-30T14:25:15+00:00","description":"Tekintsd meg elk\u00e9sz\u00fclt egyedi b\u00fatorainkat! Konyh\u00e1k, nappali b\u00fatorok, gardr\u00f3bok \u00e9s f\u00fcrd\u0151szobab\u00fatorok \u2013 modern, eleg\u00e1ns megold\u00e1sok.","breadcrumb":{"@id":"https:\/\/lubu.hu\/?page_id=3852#breadcrumb"},"inLanguage":"hu","potentialAction":[{"@type":"ReadAction","target":["https:\/\/lubu.hu\/?page_id=3852"]}]},{"@type":"ImageObject","inLanguage":"hu","@id":"https:\/\/lubu.hu\/?page_id=3852#primaryimage","url":"https:\/\/lubu.hu\/wp-content\/uploads\/2025\/11\/thumbnail_IMG_0269.jpg","contentUrl":"https:\/\/lubu.hu\/wp-content\/uploads\/2025\/11\/thumbnail_IMG_0269.jpg","width":960,"height":1280},{"@type":"BreadcrumbList","@id":"https:\/\/lubu.hu\/?page_id=3852#breadcrumb","itemListElement":[{"@type":"ListItem","position":1,"name":"Kezd\u0151lap","item":"https:\/\/lubu.hu\/"},{"@type":"ListItem","position":2,"name":"Munk\u00e1ink"}]},{"@type":"WebSite","@id":"https:\/\/lubu.hu\/#website","url":"https:\/\/lubu.hu\/","name":"lubu.hu","description":"","publisher":{"@id":"https:\/\/lubu.hu\/#\/schema\/person\/d6d149ba5b76e39edaa9e71d68ef076a"},"potentialAction":[{"@type":"SearchAction","target":{"@type":"EntryPoint","urlTemplate":"https:\/\/lubu.hu\/?s={search_term_string}"},"query-input":{"@type":"PropertyValueSpecification","valueRequired":true,"valueName":"search_term_string"}}],"inLanguage":"hu"},{"@type":["Person","Organization"],"@id":"https:\/\/lubu.hu\/#\/schema\/person\/d6d149ba5b76e39edaa9e71d68ef076a","name":"lukacspeter@outlook.hu","image":{"@type":"ImageObject","inLanguage":"hu","@id":"https:\/\/lubu.hu\/#\/schema\/person\/image\/","url":"https:\/\/secure.gravatar.com\/avatar\/ce258f504fc85a258d807f19cecbc60528ed4c8863a94cd7b1163667544bf084?s=96&d=mm&r=g","contentUrl":"https:\/\/secure.gravatar.com\/avatar\/ce258f504fc85a258d807f19cecbc60528ed4c8863a94cd7b1163667544bf084?s=96&d=mm&r=g","caption":"lukacspeter@outlook.hu"},"logo":{"@id":"https:\/\/lubu.hu\/#\/schema\/person\/image\/"},"sameAs":["http:\/\/lubu.hu"]}]}},"_links":{"self":[{"href":"https:\/\/lubu.hu\/index.php?rest_route=\/wp\/v2\/pages\/3852","targetHints":{"allow":["GET"]}}],"collection":[{"href":"https:\/\/lubu.hu\/index.php?rest_route=\/wp\/v2\/pages"}],"about":[{"href":"https:\/\/lubu.hu\/index.php?rest_route=\/wp\/v2\/types\/page"}],"author":[{"embeddable":true,"href":"https:\/\/lubu.hu\/index.php?rest_route=\/wp\/v2\/users\/1"}],"replies":[{"embeddable":true,"href":"https:\/\/lubu.hu\/index.php?rest_route=%2Fwp%2Fv2%2Fcomments&post=3852"}],"version-history":[{"count":211,"href":"https:\/\/lubu.hu\/index.php?rest_route=\/wp\/v2\/pages\/3852\/revisions"}],"predecessor-version":[{"id":5250,"href":"https:\/\/lubu.hu\/index.php?rest_route=\/wp\/v2\/pages\/3852\/revisions\/5250"}],"wp:attachment":[{"href":"https:\/\/lubu.hu\/index.php?rest_route=%2Fwp%2Fv2%2Fmedia&parent=3852"}],"curies":[{"name":"wp","href":"https:\/\/api.w.org\/{rel}","templated":true}]}}