{"id":4773,"date":"2025-11-18T06:25:17","date_gmt":"2025-11-18T05:25:17","guid":{"rendered":"https:\/\/lubu.hu\/?page_id=4773"},"modified":"2025-11-30T12:29:07","modified_gmt":"2025-11-30T11:29:07","slug":"eloszoba-butorok","status":"publish","type":"page","link":"https:\/\/lubu.hu\/?page_id=4773","title":{"rendered":"El\u0151szoba b\u00fatorok"},"content":{"rendered":"\t\t<div data-elementor-type=\"wp-page\" data-elementor-id=\"4773\" class=\"elementor elementor-4773\">\n\t\t\t\t<div class=\"elementor-element elementor-element-0b7fe4b e-flex e-con-boxed e-con e-parent\" data-id=\"0b7fe4b\" data-element_type=\"container\" data-e-type=\"container\">\n\t\t\t\t\t<div class=\"e-con-inner\">\n\t\t\t\t<div class=\"elementor-element elementor-element-61dad9c elementor-widget elementor-widget-html\" data-id=\"61dad9c\" data-element_type=\"widget\" data-e-type=\"widget\" data-widget_type=\"html.default\">\n\t\t\t\t\t<!-- \u2705 T\u0170\u00c9LES, LAPOZHAT\u00d3 LIGHTBOX GAL\u00c9RIA + HOVER FULLSCREEN + LAZY LOAD -->\r\n<div class=\"lubu-gallery\">\r\n  <div class=\"lubu-item\"><img decoding=\"async\" src=\"https:\/\/lubu.hu\/wp-content\/uploads\/2025\/11\/thumbnail_IMG_3290.jpg\" data-src=\"https:\/\/lubu.hu\/wp-content\/uploads\/2025\/11\/thumbnail_IMG_3290.jpg\" alt=\"\" class=\"lazy\"><\/div>\r\n  <div class=\"lubu-item\"><img decoding=\"async\" src=\"https:\/\/lubu.hu\/wp-content\/uploads\/2025\/11\/thumbnail_IMG_2418.jpg\" data-src=\"https:\/\/lubu.hu\/wp-content\/uploads\/2025\/11\/thumbnail_IMG_2418.jpg\" alt=\"\" class=\"lazy\"><\/div>\r\n  <div class=\"lubu-item\"><img decoding=\"async\" src=\"https:\/\/lubu.hu\/wp-content\/uploads\/2025\/11\/thumbnail_IMG_1956.jpg\" data-src=\"https:\/\/lubu.hu\/wp-content\/uploads\/2025\/11\/thumbnail_IMG_1956.jpg\" alt=\"\" class=\"lazy\"><\/div>\r\n  <div class=\"lubu-item\"><img decoding=\"async\" src=\"https:\/\/lubu.hu\/wp-content\/uploads\/2025\/11\/thumbnail_IMG_0195.jpg\" data-src=\"https:\/\/lubu.hu\/wp-content\/uploads\/2025\/11\/thumbnail_IMG_0195.jpg\" alt=\"\" class=\"lazy\"><\/div>\r\n  <div class=\"lubu-item\"><img decoding=\"async\" src=\"https:\/\/lubu.hu\/wp-content\/uploads\/2025\/11\/thumbnail_IMG_0194.jpg\" data-src=\"https:\/\/lubu.hu\/wp-content\/uploads\/2025\/11\/thumbnail_IMG_0194.jpg\" alt=\"\" class=\"lazy\"><\/div>\r\n  <div class=\"lubu-item\"><img decoding=\"async\" src=\"https:\/\/lubu.hu\/wp-content\/uploads\/2025\/11\/thumbnail_IMG_6857.jpg\" data-src=\"https:\/\/lubu.hu\/wp-content\/uploads\/2025\/11\/thumbnail_IMG_6857.jpg\" alt=\"\" class=\"lazy\"><\/div>\r\n  <div class=\"lubu-item\"><img decoding=\"async\" src=\"https:\/\/lubu.hu\/wp-content\/uploads\/2025\/11\/thumbnail_IMG_6636.jpg\" data-src=\"https:\/\/lubu.hu\/wp-content\/uploads\/2025\/11\/thumbnail_IMG_6636.jpg\" alt=\"\" class=\"lazy\"><\/div>\r\n  <div class=\"lubu-item\"><img decoding=\"async\" src=\"https:\/\/lubu.hu\/wp-content\/uploads\/2025\/11\/thumbnail_IMG_4889.jpg\" data-src=\"https:\/\/lubu.hu\/wp-content\/uploads\/2025\/11\/thumbnail_IMG_4889.jpg\" alt=\"\" class=\"lazy\"><\/div>\r\n  <div class=\"lubu-item\"><img decoding=\"async\" src=\"https:\/\/lubu.hu\/wp-content\/uploads\/2025\/11\/thumbnail_IMG_4890.jpg\" data-src=\"https:\/\/lubu.hu\/wp-content\/uploads\/2025\/11\/thumbnail_IMG_4890.jpg\" alt=\"\" class=\"lazy\"><\/div>\r\n  <div class=\"lubu-item\"><img decoding=\"async\" src=\"https:\/\/lubu.hu\/wp-content\/uploads\/2025\/11\/thumbnail_IMG_4229.jpg\" data-src=\"https:\/\/lubu.hu\/wp-content\/uploads\/2025\/11\/thumbnail_IMG_4229.jpg\" alt=\"\" class=\"lazy\"><\/div>\r\n  <div class=\"lubu-item\"><img decoding=\"async\" src=\"https:\/\/lubu.hu\/wp-content\/uploads\/2025\/11\/thumbnail_IMG_5044.jpg\" data-src=\"https:\/\/lubu.hu\/wp-content\/uploads\/2025\/11\/thumbnail_IMG_5044.jpg\" alt=\"\" class=\"lazy\"><\/div>\r\n  <div class=\"lubu-item\"><img decoding=\"async\" src=\"https:\/\/lubu.hu\/wp-content\/uploads\/2025\/11\/thumbnail_IMG_0493.jpg\" data-src=\"https:\/\/lubu.hu\/wp-content\/uploads\/2025\/11\/thumbnail_IMG_0493.jpg\" alt=\"\" class=\"lazy\"><\/div>\r\n<\/div>\r\n\r\n<!-- \u2705 LIGHTBOX (lapozhat\u00f3) -->\r\n<div id=\"lightbox\" class=\"lightbox\">\r\n  <span class=\"lightbox-prev\">&#10094;<\/span>\r\n  <img decoding=\"async\" src=\"\" alt=\"\">\r\n  <span class=\"lightbox-next\">&#10095;<\/span>\r\n<\/div>\r\n\r\n<style>\r\n.lubu-gallery {\r\n  display: grid;\r\n  grid-template-columns: repeat(auto-fit, minmax(250px, 1fr));\r\n  gap: 20px;\r\n  padding: 30px;\r\n  background: #000;\r\n}\r\n\r\n.lubu-item {\r\n  position: relative;\r\n  border-radius: 10px;\r\n  overflow: hidden;\r\n  cursor: zoom-in;\r\n}\r\n\r\n.lubu-item img {\r\n  width: 100%;\r\n  height: 240px;\r\n  object-fit: cover;\r\n  border-radius: 10px;\r\n  display: block;\r\n  transition: transform 0.3s ease;\r\n  filter: none !important;\r\n  opacity: 1 !important;\r\n  image-rendering: -webkit-optimize-contrast;\r\n  image-rendering: crisp-edges;\r\n  backface-visibility: hidden;\r\n  transform: translateZ(0);\r\n  will-change: transform;\r\n}\r\n\r\n\/* Hover: teljes k\u00e9p *\/\r\n.lubu-item:hover img {\r\n  transform: scale(1.05);\r\n}\r\n\r\n.lightbox {\r\n  display: none;\r\n  position: fixed;\r\n  inset: 0;\r\n  background: rgba(0,0,0,0.9);\r\n  justify-content: center;\r\n  align-items: center;\r\n  z-index: 9999;\r\n}\r\n\r\n.lightbox img {\r\n  max-width: 100%;\r\n  max-height: 100%;\r\n  cursor: zoom-out;\r\n  filter: none !important;\r\n  opacity: 1 !important;\r\n  image-rendering: -webkit-optimize-contrast;\r\n  image-rendering: crisp-edges;\r\n}\r\n\r\n.lightbox-prev, .lightbox-next {\r\n  position: absolute;\r\n  top: 50%;\r\n  font-size: 50px;\r\n  color: #fff;\r\n  cursor: pointer;\r\n  user-select: none;\r\n  transform: translateY(-50%);\r\n  padding: 10px;\r\n}\r\n.lightbox-prev:hover, .lightbox-next:hover { opacity: 0.7; }\r\n.lightbox-prev { left: 30px; }\r\n.lightbox-next { right: 30px; }\r\n\r\n@media (max-width:768px){\r\n  .lubu-gallery{display:flex; flex-direction:column; padding:15px; gap:15px;}\r\n  .lubu-item img{height:auto; max-height:90vh;}\r\n  .lightbox-prev, .lightbox-next{font-size:36px;}\r\n}\r\n<\/style>\r\n\r\n<script>\r\n\/\/ \ud83d\udd39 LAZY LOAD\r\nconst lazyImages = document.querySelectorAll('img.lazy');\r\nconst lazyObserver = new IntersectionObserver((entries, observer) => {\r\n  entries.forEach(entry => {\r\n    if(entry.isIntersecting){\r\n      const img = entry.target;\r\n      img.src = img.dataset.src;\r\n      img.classList.remove('lazy');\r\n      lazyObserver.unobserve(img);\r\n    }\r\n  });\r\n},{rootMargin:\"100px\"});\r\nlazyImages.forEach(img => lazyObserver.observe(img));\r\n\r\n\/\/ \ud83d\udd39 LIGHTBOX\r\nconst images = document.querySelectorAll('.lubu-item img');\r\nconst lightbox = document.getElementById('lightbox');\r\nconst lightboxImg = lightbox.querySelector('img');\r\nconst prev = document.querySelector('.lightbox-prev');\r\nconst next = document.querySelector('.lightbox-next');\r\n\r\nlet currentIndex = 0;\r\n\r\nimages.forEach((img,index)=>{\r\n  img.addEventListener('click',()=>{\r\n    currentIndex=index;\r\n    showImage();\r\n    lightbox.style.display='flex';\r\n    document.body.style.overflow='hidden';\r\n  });\r\n});\r\n\r\nprev.addEventListener('click', e=>{\r\n  e.stopPropagation();\r\n  currentIndex = (currentIndex-1+images.length)%images.length;\r\n  showImage();\r\n});\r\nnext.addEventListener('click', e=>{\r\n  e.stopPropagation();\r\n  currentIndex = (currentIndex+1)%images.length;\r\n  showImage();\r\n});\r\n\r\nlightbox.addEventListener('click', ()=>{\r\n  lightbox.style.display='none';\r\n  document.body.style.overflow='';\r\n});\r\n\r\nfunction showImage(){\r\n  lightboxImg.src=images[currentIndex].src;\r\n}\r\n<\/script>\r\n\t\t\t\t<\/div>\n\t\t\t\t\t<\/div>\n\t\t\t\t<\/div>\n\t\t<div class=\"elementor-element elementor-element-ba97a8f e-flex e-con-boxed e-con e-parent\" data-id=\"ba97a8f\" data-element_type=\"container\" data-e-type=\"container\">\n\t\t\t\t\t<div class=\"e-con-inner\">\n\t\t\t\t<div class=\"elementor-element elementor-element-56acb0e elementor-widget elementor-widget-html\" data-id=\"56acb0e\" data-element_type=\"widget\" data-e-type=\"widget\" data-widget_type=\"html.default\">\n\t\t\t\t\t<!-- SEO tartalom El\u0151szoba b\u00fatorok -->\r\n<style>\r\n  .seo-section {\r\n    text-align: center;\r\n    background: #000;\r\n    color: #fff;\r\n    padding: 40px 20px;\r\n    border-radius: 12px;\r\n    margin-bottom: 30px;\r\n  }\r\n  .seo-section h1 {\r\n    font-size: 36px;\r\n    font-weight: 700;\r\n    margin-bottom: 15px;\r\n    letter-spacing: 1px;\r\n    color: #f4f4f4;\r\n  }\r\n  .seo-section p {\r\n    font-size: 16px;\r\n    line-height: 1.6;\r\n    color: #ccc;\r\n    margin-bottom: 20px;\r\n  }\r\n  .seo-section .seo-link {\r\n    display: inline-block;\r\n    padding: 12px 25px;\r\n    background: #fff; \/* feh\u00e9r gomb *\/\r\n    color: #111; \/* fekete sz\u00f6veg *\/\r\n    text-decoration: none;\r\n    font-weight: 600;\r\n    border-radius: 6px;\r\n    transition: all 0.3s ease;\r\n  }\r\n  .seo-section .seo-link:hover {\r\n    background: #e0e0e0; \/* vil\u00e1gosabb hover *\/\r\n    transform: scale(1.05);\r\n  }\r\n<\/style>\r\n\r\n<div class=\"seo-section\">\r\n  <h1>El\u0151szoba b\u00fatorok<\/h1>\r\n  <p>Rendezett \u00e9s st\u00edlusos megold\u00e1sok a bej\u00e1rat hangulatos berendez\u00e9s\u00e9hez.<\/p>\r\n  <a href=\"https:\/\/lubu.hu\/?page_id=4773\" class=\"seo-link\">R\u00e9szletek<\/a>\r\n<\/div>\r\n\t\t\t\t<\/div>\n\t\t\t\t\t<\/div>\n\t\t\t\t<\/div>\n\t\t<div class=\"elementor-element elementor-element-3255a0b e-flex e-con-boxed e-con e-parent\" data-id=\"3255a0b\" data-element_type=\"container\" data-e-type=\"container\">\n\t\t\t\t\t<div class=\"e-con-inner\">\n\t\t\t\t<div class=\"elementor-element elementor-element-83400d1 elementor-widget elementor-widget-html\" data-id=\"83400d1\" data-element_type=\"widget\" data-e-type=\"widget\" data-widget_type=\"html.default\">\n\t\t\t\t\t<!-- \u2705 K\u00d6Z\u00c9PEN LOG\u00d3 \u00c9S BE\u00daSZ\u00d3 SZ\u00d6VEG -->\r\n<div class=\"footer-logo-container\">\r\n  <img decoding=\"async\" src=\"https:\/\/lubu.hu\/wp-content\/uploads\/2025\/11\/logo001-removebg-preview.png\" alt=\"Lubu.hu logo\" class=\"footer-logo\">\r\n  <span class=\"footer-text\">www.lubu.hu<\/span>\r\n<\/div>\r\n\r\n<style>\r\n\/* Kont\u00e9ner a log\u00f3nak \u00e9s sz\u00f6vegnek *\/\r\n.footer-logo-container {\r\n  background-color: #000;      \/* fekete h\u00e1tt\u00e9r *\/\r\n  display: flex;\r\n  flex-direction: column;      \/* log\u00f3 f\u00f6l\u00e9 a sz\u00f6veg *\/\r\n  align-items: center;         \/* v\u00edzszintesen k\u00f6z\u00e9pre *\/\r\n  justify-content: center;     \/* f\u00fcgg\u0151legesen k\u00f6z\u00e9pre, ha kell *\/\r\n  padding: 40px 20px;\r\n  position: relative;\r\n  overflow: hidden;\r\n}\r\n\r\n\/* Log\u00f3 st\u00edlus *\/\r\n.footer-logo {\r\n  width: 220px;\r\n  height: auto;\r\n  margin-bottom: 20px;\r\n  opacity: 0;\r\n  transform: scale(0.7);\r\n  animation: logoFadeIn 1.8s ease forwards;\r\n}\r\n\r\n\/* Be\u00fasz\u00f3 sz\u00f6veg st\u00edlus *\/\r\n.footer-text {\r\n  font-family: 'Montserrat', sans-serif;\r\n  font-size: 20px;\r\n  font-weight: 600;\r\n  color: #fff;\r\n  letter-spacing: 1px;\r\n  text-transform: lowercase;\r\n  opacity: 0;\r\n  transform: translateY(30px);\r\n  animation: textSlideIn 2s ease forwards;\r\n  animation-delay: 1s; \/* a log\u00f3 ut\u00e1n jelenik meg *\/\r\n}\r\n\r\n\/* Log\u00f3 anim\u00e1ci\u00f3 *\/\r\n@keyframes logoFadeIn {\r\n  0% { opacity: 0; transform: scale(0.7); }\r\n  70% { opacity: 1; transform: scale(1.05); }\r\n  100% { opacity: 1; transform: scale(1); }\r\n}\r\n\r\n\/* Sz\u00f6veg be\u00fasz\u00e1s anim\u00e1ci\u00f3 *\/\r\n@keyframes textSlideIn {\r\n  0% { opacity: 0; transform: translateY(30px); }\r\n  100% { opacity: 1; transform: translateY(0); }\r\n}\r\n\r\n\/* Mobilbar\u00e1t *\/\r\n@media (max-width: 768px) {\r\n  .footer-logo { width: 160px; }\r\n  .footer-text { font-size: 16px; }\r\n}\r\n<\/style>\r\n\t\t\t\t<\/div>\n\t\t\t\t\t<\/div>\n\t\t\t\t<\/div>\n\t\t\t\t<\/div>\n\t\t","protected":false},"excerpt":{"rendered":"<p>&#10094; &#10095; El\u0151szoba b\u00fatorok Rendezett \u00e9s st\u00edlusos megold\u00e1sok a bej\u00e1rat hangulatos berendez\u00e9s\u00e9hez. R\u00e9szletek www.lubu.hu<\/p>\n","protected":false},"author":1,"featured_media":0,"parent":0,"menu_order":0,"comment_status":"closed","ping_status":"closed","template":"","meta":{"footnotes":""},"class_list":["post-4773","page","type-page","status-publish","hentry"],"yoast_head":"<!-- This site is optimized with the Yoast SEO plugin v26.6 - https:\/\/yoast.com\/wordpress\/plugins\/seo\/ -->\n<title>Egyedi el\u0151szoba b\u00fatorok | St\u00edlusos \u00e9s praktikus megold\u00e1sok | Lubu<\/title>\n<meta name=\"description\" content=\"Rendezett \u00e9s st\u00edlusos el\u0151szoba b\u00fatorok a bej\u00e1rat hangulatos berendez\u00e9s\u00e9hez. Tart\u00f3s, praktikus \u00e9s ig\u00e9nyes megold\u00e1sok.\" \/>\n<meta name=\"robots\" content=\"index, follow, max-snippet:-1, max-image-preview:large, max-video-preview:-1\" \/>\n<link rel=\"canonical\" href=\"https:\/\/lubu.hu\/?page_id=4773\" \/>\n<meta property=\"og:locale\" content=\"hu_HU\" \/>\n<meta property=\"og:type\" content=\"article\" \/>\n<meta property=\"og:title\" content=\"Egyedi el\u0151szoba b\u00fatorok | St\u00edlusos \u00e9s praktikus megold\u00e1sok | Lubu\" \/>\n<meta property=\"og:description\" content=\"Rendezett \u00e9s st\u00edlusos el\u0151szoba b\u00fatorok a bej\u00e1rat hangulatos berendez\u00e9s\u00e9hez. Tart\u00f3s, praktikus \u00e9s ig\u00e9nyes megold\u00e1sok.\" \/>\n<meta property=\"og:url\" content=\"https:\/\/lubu.hu\/?page_id=4773\" \/>\n<meta property=\"article:modified_time\" content=\"2025-11-30T11:29:07+00:00\" \/>\n<meta property=\"og:image\" content=\"https:\/\/lubu.hu\/wp-content\/uploads\/2025\/11\/thumbnail_IMG_3290.jpg\" \/>\n<meta name=\"twitter:card\" content=\"summary_large_image\" \/>\n<meta name=\"twitter:label1\" content=\"Becs\u00fclt olvas\u00e1si id\u0151\" \/>\n\t<meta name=\"twitter:data1\" content=\"6 perc\" \/>\n<script type=\"application\/ld+json\" class=\"yoast-schema-graph\">{\"@context\":\"https:\/\/schema.org\",\"@graph\":[{\"@type\":\"WebPage\",\"@id\":\"https:\/\/lubu.hu\/?page_id=4773\",\"url\":\"https:\/\/lubu.hu\/?page_id=4773\",\"name\":\"Egyedi el\u0151szoba b\u00fatorok | St\u00edlusos \u00e9s praktikus megold\u00e1sok | Lubu\",\"isPartOf\":{\"@id\":\"https:\/\/lubu.hu\/#website\"},\"primaryImageOfPage\":{\"@id\":\"https:\/\/lubu.hu\/?page_id=4773#primaryimage\"},\"image\":{\"@id\":\"https:\/\/lubu.hu\/?page_id=4773#primaryimage\"},\"thumbnailUrl\":\"https:\/\/lubu.hu\/wp-content\/uploads\/2025\/11\/thumbnail_IMG_3290.jpg\",\"datePublished\":\"2025-11-18T05:25:17+00:00\",\"dateModified\":\"2025-11-30T11:29:07+00:00\",\"description\":\"Rendezett \u00e9s st\u00edlusos el\u0151szoba b\u00fatorok a bej\u00e1rat hangulatos berendez\u00e9s\u00e9hez. Tart\u00f3s, praktikus \u00e9s ig\u00e9nyes megold\u00e1sok.\",\"breadcrumb\":{\"@id\":\"https:\/\/lubu.hu\/?page_id=4773#breadcrumb\"},\"inLanguage\":\"hu\",\"potentialAction\":[{\"@type\":\"ReadAction\",\"target\":[\"https:\/\/lubu.hu\/?page_id=4773\"]}]},{\"@type\":\"ImageObject\",\"inLanguage\":\"hu\",\"@id\":\"https:\/\/lubu.hu\/?page_id=4773#primaryimage\",\"url\":\"https:\/\/lubu.hu\/wp-content\/uploads\/2025\/11\/thumbnail_IMG_3290.jpg\",\"contentUrl\":\"https:\/\/lubu.hu\/wp-content\/uploads\/2025\/11\/thumbnail_IMG_3290.jpg\",\"width\":900,\"height\":1200},{\"@type\":\"BreadcrumbList\",\"@id\":\"https:\/\/lubu.hu\/?page_id=4773#breadcrumb\",\"itemListElement\":[{\"@type\":\"ListItem\",\"position\":1,\"name\":\"Kezd\u0151lap\",\"item\":\"https:\/\/lubu.hu\/\"},{\"@type\":\"ListItem\",\"position\":2,\"name\":\"El\u0151szoba b\u00fatorok\"}]},{\"@type\":\"WebSite\",\"@id\":\"https:\/\/lubu.hu\/#website\",\"url\":\"https:\/\/lubu.hu\/\",\"name\":\"lubu.hu\",\"description\":\"\",\"publisher\":{\"@id\":\"https:\/\/lubu.hu\/#\/schema\/person\/d6d149ba5b76e39edaa9e71d68ef076a\"},\"potentialAction\":[{\"@type\":\"SearchAction\",\"target\":{\"@type\":\"EntryPoint\",\"urlTemplate\":\"https:\/\/lubu.hu\/?s={search_term_string}\"},\"query-input\":{\"@type\":\"PropertyValueSpecification\",\"valueRequired\":true,\"valueName\":\"search_term_string\"}}],\"inLanguage\":\"hu\"},{\"@type\":[\"Person\",\"Organization\"],\"@id\":\"https:\/\/lubu.hu\/#\/schema\/person\/d6d149ba5b76e39edaa9e71d68ef076a\",\"name\":\"lukacspeter@outlook.hu\",\"image\":{\"@type\":\"ImageObject\",\"inLanguage\":\"hu\",\"@id\":\"https:\/\/lubu.hu\/#\/schema\/person\/image\/\",\"url\":\"https:\/\/secure.gravatar.com\/avatar\/ce258f504fc85a258d807f19cecbc60528ed4c8863a94cd7b1163667544bf084?s=96&d=mm&r=g\",\"contentUrl\":\"https:\/\/secure.gravatar.com\/avatar\/ce258f504fc85a258d807f19cecbc60528ed4c8863a94cd7b1163667544bf084?s=96&d=mm&r=g\",\"caption\":\"lukacspeter@outlook.hu\"},\"logo\":{\"@id\":\"https:\/\/lubu.hu\/#\/schema\/person\/image\/\"},\"sameAs\":[\"http:\/\/lubu.hu\"]}]}<\/script>\n<!-- \/ Yoast SEO plugin. -->","yoast_head_json":{"title":"Egyedi el\u0151szoba b\u00fatorok | St\u00edlusos \u00e9s praktikus megold\u00e1sok | Lubu","description":"Rendezett \u00e9s st\u00edlusos el\u0151szoba b\u00fatorok a bej\u00e1rat hangulatos berendez\u00e9s\u00e9hez. Tart\u00f3s, praktikus \u00e9s ig\u00e9nyes megold\u00e1sok.","robots":{"index":"index","follow":"follow","max-snippet":"max-snippet:-1","max-image-preview":"max-image-preview:large","max-video-preview":"max-video-preview:-1"},"canonical":"https:\/\/lubu.hu\/?page_id=4773","og_locale":"hu_HU","og_type":"article","og_title":"Egyedi el\u0151szoba b\u00fatorok | St\u00edlusos \u00e9s praktikus megold\u00e1sok | Lubu","og_description":"Rendezett \u00e9s st\u00edlusos el\u0151szoba b\u00fatorok a bej\u00e1rat hangulatos berendez\u00e9s\u00e9hez. Tart\u00f3s, praktikus \u00e9s ig\u00e9nyes megold\u00e1sok.","og_url":"https:\/\/lubu.hu\/?page_id=4773","article_modified_time":"2025-11-30T11:29:07+00:00","og_image":[{"url":"https:\/\/lubu.hu\/wp-content\/uploads\/2025\/11\/thumbnail_IMG_3290.jpg","type":"","width":"","height":""}],"twitter_card":"summary_large_image","twitter_misc":{"Becs\u00fclt olvas\u00e1si id\u0151":"6 perc"},"schema":{"@context":"https:\/\/schema.org","@graph":[{"@type":"WebPage","@id":"https:\/\/lubu.hu\/?page_id=4773","url":"https:\/\/lubu.hu\/?page_id=4773","name":"Egyedi el\u0151szoba b\u00fatorok | St\u00edlusos \u00e9s praktikus megold\u00e1sok | Lubu","isPartOf":{"@id":"https:\/\/lubu.hu\/#website"},"primaryImageOfPage":{"@id":"https:\/\/lubu.hu\/?page_id=4773#primaryimage"},"image":{"@id":"https:\/\/lubu.hu\/?page_id=4773#primaryimage"},"thumbnailUrl":"https:\/\/lubu.hu\/wp-content\/uploads\/2025\/11\/thumbnail_IMG_3290.jpg","datePublished":"2025-11-18T05:25:17+00:00","dateModified":"2025-11-30T11:29:07+00:00","description":"Rendezett \u00e9s st\u00edlusos el\u0151szoba b\u00fatorok a bej\u00e1rat hangulatos berendez\u00e9s\u00e9hez. Tart\u00f3s, praktikus \u00e9s ig\u00e9nyes megold\u00e1sok.","breadcrumb":{"@id":"https:\/\/lubu.hu\/?page_id=4773#breadcrumb"},"inLanguage":"hu","potentialAction":[{"@type":"ReadAction","target":["https:\/\/lubu.hu\/?page_id=4773"]}]},{"@type":"ImageObject","inLanguage":"hu","@id":"https:\/\/lubu.hu\/?page_id=4773#primaryimage","url":"https:\/\/lubu.hu\/wp-content\/uploads\/2025\/11\/thumbnail_IMG_3290.jpg","contentUrl":"https:\/\/lubu.hu\/wp-content\/uploads\/2025\/11\/thumbnail_IMG_3290.jpg","width":900,"height":1200},{"@type":"BreadcrumbList","@id":"https:\/\/lubu.hu\/?page_id=4773#breadcrumb","itemListElement":[{"@type":"ListItem","position":1,"name":"Kezd\u0151lap","item":"https:\/\/lubu.hu\/"},{"@type":"ListItem","position":2,"name":"El\u0151szoba b\u00fatorok"}]},{"@type":"WebSite","@id":"https:\/\/lubu.hu\/#website","url":"https:\/\/lubu.hu\/","name":"lubu.hu","description":"","publisher":{"@id":"https:\/\/lubu.hu\/#\/schema\/person\/d6d149ba5b76e39edaa9e71d68ef076a"},"potentialAction":[{"@type":"SearchAction","target":{"@type":"EntryPoint","urlTemplate":"https:\/\/lubu.hu\/?s={search_term_string}"},"query-input":{"@type":"PropertyValueSpecification","valueRequired":true,"valueName":"search_term_string"}}],"inLanguage":"hu"},{"@type":["Person","Organization"],"@id":"https:\/\/lubu.hu\/#\/schema\/person\/d6d149ba5b76e39edaa9e71d68ef076a","name":"lukacspeter@outlook.hu","image":{"@type":"ImageObject","inLanguage":"hu","@id":"https:\/\/lubu.hu\/#\/schema\/person\/image\/","url":"https:\/\/secure.gravatar.com\/avatar\/ce258f504fc85a258d807f19cecbc60528ed4c8863a94cd7b1163667544bf084?s=96&d=mm&r=g","contentUrl":"https:\/\/secure.gravatar.com\/avatar\/ce258f504fc85a258d807f19cecbc60528ed4c8863a94cd7b1163667544bf084?s=96&d=mm&r=g","caption":"lukacspeter@outlook.hu"},"logo":{"@id":"https:\/\/lubu.hu\/#\/schema\/person\/image\/"},"sameAs":["http:\/\/lubu.hu"]}]}},"_links":{"self":[{"href":"https:\/\/lubu.hu\/index.php?rest_route=\/wp\/v2\/pages\/4773","targetHints":{"allow":["GET"]}}],"collection":[{"href":"https:\/\/lubu.hu\/index.php?rest_route=\/wp\/v2\/pages"}],"about":[{"href":"https:\/\/lubu.hu\/index.php?rest_route=\/wp\/v2\/types\/page"}],"author":[{"embeddable":true,"href":"https:\/\/lubu.hu\/index.php?rest_route=\/wp\/v2\/users\/1"}],"replies":[{"embeddable":true,"href":"https:\/\/lubu.hu\/index.php?rest_route=%2Fwp%2Fv2%2Fcomments&post=4773"}],"version-history":[{"count":61,"href":"https:\/\/lubu.hu\/index.php?rest_route=\/wp\/v2\/pages\/4773\/revisions"}],"predecessor-version":[{"id":5122,"href":"https:\/\/lubu.hu\/index.php?rest_route=\/wp\/v2\/pages\/4773\/revisions\/5122"}],"wp:attachment":[{"href":"https:\/\/lubu.hu\/index.php?rest_route=%2Fwp%2Fv2%2Fmedia&parent=4773"}],"curies":[{"name":"wp","href":"https:\/\/api.w.org\/{rel}","templated":true}]}}