{"id":569,"date":"2025-10-28T22:52:55","date_gmt":"2025-10-28T21:52:55","guid":{"rendered":"https:\/\/lubu.hu\/?page_id=569"},"modified":"2025-11-30T12:21:58","modified_gmt":"2025-11-30T11:21:58","slug":"elementor-oldal-569","status":"publish","type":"page","link":"https:\/\/lubu.hu\/?page_id=569","title":{"rendered":"Adatv\u00e9delem"},"content":{"rendered":"\t\t<div data-elementor-type=\"wp-page\" data-elementor-id=\"569\" class=\"elementor elementor-569\">\n\t\t\t\t<div class=\"elementor-element elementor-element-fc64ee1 e-flex e-con-boxed e-con e-parent\" data-id=\"fc64ee1\" data-element_type=\"container\" data-e-type=\"container\">\n\t\t\t\t\t<div class=\"e-con-inner\">\n\t\t\t\t<div class=\"elementor-element elementor-element-75c55ee elementor-widget elementor-widget-heading\" data-id=\"75c55ee\" data-element_type=\"widget\" data-e-type=\"widget\" data-widget_type=\"heading.default\">\n\t\t\t\t\t<h2 class=\"elementor-heading-title elementor-size-default\">Adatv\u00e9delmi t\u00e1j\u00e9koztat\u00f3<\/h2>\t\t\t\t<\/div>\n\t\t\t\t<div class=\"elementor-element elementor-element-5ee5b39 elementor-widget elementor-widget-text-editor\" data-id=\"5ee5b39\" data-element_type=\"widget\" data-e-type=\"widget\" data-widget_type=\"text-editor.default\">\n\t\t\t\t\t\t\t\t\t<p><span data-olk-copy-source=\"MessageBody\">A lubu.hu (a tov\u00e1bbiakban: Szolg\u00e1ltat\u00f3) elk\u00f6telezett a szem\u00e9lyes adatok v\u00e9delme ir\u00e1nt.<\/span><\/p><p>A weboldal haszn\u00e1lata sor\u00e1n a l\u00e1togat\u00f3k szem\u00e9lyes adatokat adhatnak meg kapcsolatfelv\u00e9tel, aj\u00e1nlatk\u00e9r\u00e9s vagy h\u00edrlev\u00e9lre val\u00f3 feliratkoz\u00e1s sor\u00e1n.<\/p><p>Az adatkezel\u00e9s c\u00e9lja: a felhaszn\u00e1l\u00f3k megkeres\u00e9seinek kezel\u00e9se, aj\u00e1nlatk\u00e9r\u00e9s teljes\u00edt\u00e9se, valamint kapcsolattart\u00e1s.<\/p><p>Az adatkezel\u00e9s jogalapja: az \u00e9rintett \u00f6nk\u00e9ntes hozz\u00e1j\u00e1rul\u00e1sa.<\/p><p>A kezelt adatok k\u00f6re: n\u00e9v, e-mail c\u00edm, telefonsz\u00e1m, \u00fczenet.<\/p><p>Az adatokat harmadik f\u00e9lnek nem adjuk \u00e1t, \u00e9s kiz\u00e1r\u00f3lag az adatkezel\u00e9s c\u00e9lj\u00e1nak el\u00e9r\u00e9s\u00e9ig t\u00e1roljuk.<\/p><p>Az \u00e9rintett k\u00e9rheti adatai m\u00f3dos\u00edt\u00e1s\u00e1t, t\u00f6rl\u00e9s\u00e9t vagy z\u00e1rol\u00e1s\u00e1t az al\u00e1bbi el\u00e9rhet\u0151s\u00e9gen:<\/p><p>info@lubu.hu<\/p><p data-ogsc=\"rgb(0, 0, 238)\">Tov\u00e1bbi inform\u00e1ci\u00f3k:\u00a0<span data-ogsc=\"rgb(0, 0, 238)\"><a title=\"A hivatkoz\u00e1st az Outlook v\u00e9di: https:\/\/www.naih.hu\/. Kattint\u00e1ssal vagy koppint\u00e1ssal k\u00f6vetheti a hivatkoz\u00e1st.\" href=\"https:\/\/emea01.safelinks.protection.outlook.com\/?url=https%3A%2F%2Fwww.naih.hu%2F&amp;data=05%7C02%7C%7C185c893e40214d6741e908de166437ca%7C84df9e7fe9f640afb435aaaaaaaaaaaa%7C1%7C0%7C638972816834412540%7CUnknown%7CTWFpbGZsb3d8eyJFbXB0eU1hcGkiOnRydWUsIlYiOiIwLjAuMDAwMCIsIlAiOiJXaW4zMiIsIkFOIjoiTWFpbCIsIldUIjoyfQ%3D%3D%7C0%7C%7C%7C&amp;sdata=M9QqFDTJFowzquN%2F9zrEut1C4xtlfUF2hGxExZEZKcc%3D&amp;reserved=0\" data-auth=\"NotApplicable\" data-linkindex=\"0\" data-ogsc=\"\">Nemzeti Adatv\u00e9delmi \u00e9s Inform\u00e1ci\u00f3szabads\u00e1g Hat\u00f3s\u00e1g (NAIH)<\/a><\/span><\/p>\t\t\t\t\t\t\t\t<\/div>\n\t\t\t\t\t<\/div>\n\t\t\t\t<\/div>\n\t\t<div class=\"elementor-element elementor-element-574478d e-flex e-con-boxed e-con e-parent\" data-id=\"574478d\" data-element_type=\"container\" data-e-type=\"container\">\n\t\t\t\t\t<div class=\"e-con-inner\">\n\t\t\t\t<div class=\"elementor-element elementor-element-fe330a8 elementor-widget elementor-widget-html\" data-id=\"fe330a8\" data-element_type=\"widget\" data-e-type=\"widget\" data-widget_type=\"html.default\">\n\t\t\t\t\t<!-- \u2705 K\u00d6Z\u00c9PEN LOG\u00d3 \u00c9S BE\u00daSZ\u00d3 SZ\u00d6VEG -->\r\n<div class=\"footer-logo-container\">\r\n  <img decoding=\"async\" src=\"https:\/\/lubu.hu\/wp-content\/uploads\/2025\/11\/logo001-removebg-preview.png\" alt=\"Lubu.hu logo\" class=\"footer-logo\">\r\n  <span class=\"footer-text\">www.lubu.hu<\/span>\r\n<\/div>\r\n\r\n<style>\r\n\/* Kont\u00e9ner a log\u00f3nak \u00e9s sz\u00f6vegnek *\/\r\n.footer-logo-container {\r\n  background-color: #000;      \/* fekete h\u00e1tt\u00e9r *\/\r\n  display: flex;\r\n  flex-direction: column;      \/* log\u00f3 f\u00f6l\u00e9 a sz\u00f6veg *\/\r\n  align-items: center;         \/* v\u00edzszintesen k\u00f6z\u00e9pre *\/\r\n  justify-content: center;     \/* f\u00fcgg\u0151legesen k\u00f6z\u00e9pre, ha kell *\/\r\n  padding: 40px 20px;\r\n  position: relative;\r\n  overflow: hidden;\r\n}\r\n\r\n\/* Log\u00f3 st\u00edlus *\/\r\n.footer-logo {\r\n  width: 220px;\r\n  height: auto;\r\n  margin-bottom: 20px;\r\n  opacity: 0;\r\n  transform: scale(0.7);\r\n  animation: logoFadeIn 1.8s ease forwards;\r\n}\r\n\r\n\/* Be\u00fasz\u00f3 sz\u00f6veg st\u00edlus *\/\r\n.footer-text {\r\n  font-family: 'Montserrat', sans-serif;\r\n  font-size: 20px;\r\n  font-weight: 600;\r\n  color: #fff;\r\n  letter-spacing: 1px;\r\n  text-transform: lowercase;\r\n  opacity: 0;\r\n  transform: translateY(30px);\r\n  animation: textSlideIn 2s ease forwards;\r\n  animation-delay: 1s; \/* a log\u00f3 ut\u00e1n jelenik meg *\/\r\n}\r\n\r\n\/* Log\u00f3 anim\u00e1ci\u00f3 *\/\r\n@keyframes logoFadeIn {\r\n  0% { opacity: 0; transform: scale(0.7); }\r\n  70% { opacity: 1; transform: scale(1.05); }\r\n  100% { opacity: 1; transform: scale(1); }\r\n}\r\n\r\n\/* Sz\u00f6veg be\u00fasz\u00e1s anim\u00e1ci\u00f3 *\/\r\n@keyframes textSlideIn {\r\n  0% { opacity: 0; transform: translateY(30px); }\r\n  100% { opacity: 1; transform: translateY(0); }\r\n}\r\n\r\n\/* Mobilbar\u00e1t *\/\r\n@media (max-width: 768px) {\r\n  .footer-logo { width: 160px; }\r\n  .footer-text { font-size: 16px; }\r\n}\r\n<\/style>\r\n\t\t\t\t<\/div>\n\t\t\t\t\t<\/div>\n\t\t\t\t<\/div>\n\t\t\t\t<\/div>\n\t\t","protected":false},"excerpt":{"rendered":"<p>Adatv\u00e9delmi t\u00e1j\u00e9koztat\u00f3 A lubu.hu (a tov\u00e1bbiakban: Szolg\u00e1ltat\u00f3) elk\u00f6telezett a szem\u00e9lyes adatok v\u00e9delme ir\u00e1nt. A weboldal haszn\u00e1lata sor\u00e1n a l\u00e1togat\u00f3k szem\u00e9lyes adatokat adhatnak meg kapcsolatfelv\u00e9tel, aj\u00e1nlatk\u00e9r\u00e9s vagy h\u00edrlev\u00e9lre val\u00f3 feliratkoz\u00e1s sor\u00e1n. Az adatkezel\u00e9s c\u00e9lja: a felhaszn\u00e1l\u00f3k megkeres\u00e9seinek kezel\u00e9se, aj\u00e1nlatk\u00e9r\u00e9s teljes\u00edt\u00e9se, valamint kapcsolattart\u00e1s. Az adatkezel\u00e9s jogalapja: az \u00e9rintett \u00f6nk\u00e9ntes hozz\u00e1j\u00e1rul\u00e1sa. A kezelt adatok k\u00f6re: n\u00e9v, e-mail c\u00edm, [&hellip;]<\/p>\n","protected":false},"author":1,"featured_media":0,"parent":0,"menu_order":5,"comment_status":"closed","ping_status":"closed","template":"","meta":{"footnotes":""},"class_list":["post-569","page","type-page","status-publish","hentry"],"yoast_head":"<!-- This site is optimized with the Yoast SEO plugin v26.6 - https:\/\/yoast.com\/wordpress\/plugins\/seo\/ -->\n<title>Adatkezel\u00e9si t\u00e1j\u00e9koztat\u00f3 \u2013 Lubu B\u00fatorAdatv\u00e9delem -<\/title>\n<meta name=\"description\" content=\"Adatkezel\u00e9si \u00e9s adatv\u00e9delmi inform\u00e1ci\u00f3k a Lubu B\u00fator weboldal\u00e1n. Tudj meg mindent a kezelt adatokr\u00f3l \u00e9s jogaidr\u00f3l.\" \/>\n<meta name=\"robots\" content=\"index, follow, max-snippet:-1, max-image-preview:large, max-video-preview:-1\" \/>\n<link rel=\"canonical\" href=\"https:\/\/lubu.hu\/?page_id=569\" \/>\n<meta property=\"og:locale\" content=\"hu_HU\" \/>\n<meta property=\"og:type\" content=\"article\" \/>\n<meta property=\"og:title\" content=\"Adatkezel\u00e9si t\u00e1j\u00e9koztat\u00f3 \u2013 Lubu B\u00fatorAdatv\u00e9delem -\" \/>\n<meta property=\"og:description\" content=\"Adatkezel\u00e9si \u00e9s adatv\u00e9delmi inform\u00e1ci\u00f3k a Lubu B\u00fator weboldal\u00e1n. Tudj meg mindent a kezelt adatokr\u00f3l \u00e9s jogaidr\u00f3l.\" \/>\n<meta property=\"og:url\" content=\"https:\/\/lubu.hu\/?page_id=569\" \/>\n<meta property=\"article:modified_time\" content=\"2025-11-30T11:21:58+00:00\" \/>\n<meta property=\"og:image\" content=\"https:\/\/lubu.hu\/wp-content\/uploads\/2025\/11\/logo001-removebg-preview.png\" \/>\n<meta name=\"twitter:card\" content=\"summary_large_image\" \/>\n<meta name=\"twitter:label1\" content=\"Becs\u00fclt olvas\u00e1si id\u0151\" \/>\n\t<meta name=\"twitter:data1\" content=\"2 perc\" \/>\n<script type=\"application\/ld+json\" class=\"yoast-schema-graph\">{\"@context\":\"https:\/\/schema.org\",\"@graph\":[{\"@type\":\"WebPage\",\"@id\":\"https:\/\/lubu.hu\/?page_id=569\",\"url\":\"https:\/\/lubu.hu\/?page_id=569\",\"name\":\"Adatkezel\u00e9si t\u00e1j\u00e9koztat\u00f3 \u2013 Lubu B\u00fatorAdatv\u00e9delem -\",\"isPartOf\":{\"@id\":\"https:\/\/lubu.hu\/#website\"},\"primaryImageOfPage\":{\"@id\":\"https:\/\/lubu.hu\/?page_id=569#primaryimage\"},\"image\":{\"@id\":\"https:\/\/lubu.hu\/?page_id=569#primaryimage\"},\"thumbnailUrl\":\"https:\/\/lubu.hu\/wp-content\/uploads\/2025\/11\/logo001-removebg-preview.png\",\"datePublished\":\"2025-10-28T21:52:55+00:00\",\"dateModified\":\"2025-11-30T11:21:58+00:00\",\"description\":\"Adatkezel\u00e9si \u00e9s adatv\u00e9delmi inform\u00e1ci\u00f3k a Lubu B\u00fator weboldal\u00e1n. Tudj meg mindent a kezelt adatokr\u00f3l \u00e9s jogaidr\u00f3l.\",\"breadcrumb\":{\"@id\":\"https:\/\/lubu.hu\/?page_id=569#breadcrumb\"},\"inLanguage\":\"hu\",\"potentialAction\":[{\"@type\":\"ReadAction\",\"target\":[\"https:\/\/lubu.hu\/?page_id=569\"]}]},{\"@type\":\"ImageObject\",\"inLanguage\":\"hu\",\"@id\":\"https:\/\/lubu.hu\/?page_id=569#primaryimage\",\"url\":\"https:\/\/lubu.hu\/wp-content\/uploads\/2025\/11\/logo001-removebg-preview.png\",\"contentUrl\":\"https:\/\/lubu.hu\/wp-content\/uploads\/2025\/11\/logo001-removebg-preview.png\",\"width\":500,\"height\":500},{\"@type\":\"BreadcrumbList\",\"@id\":\"https:\/\/lubu.hu\/?page_id=569#breadcrumb\",\"itemListElement\":[{\"@type\":\"ListItem\",\"position\":1,\"name\":\"Kezd\u0151lap\",\"item\":\"https:\/\/lubu.hu\/\"},{\"@type\":\"ListItem\",\"position\":2,\"name\":\"Adatv\u00e9delem\"}]},{\"@type\":\"WebSite\",\"@id\":\"https:\/\/lubu.hu\/#website\",\"url\":\"https:\/\/lubu.hu\/\",\"name\":\"lubu.hu\",\"description\":\"\",\"publisher\":{\"@id\":\"https:\/\/lubu.hu\/#\/schema\/person\/d6d149ba5b76e39edaa9e71d68ef076a\"},\"potentialAction\":[{\"@type\":\"SearchAction\",\"target\":{\"@type\":\"EntryPoint\",\"urlTemplate\":\"https:\/\/lubu.hu\/?s={search_term_string}\"},\"query-input\":{\"@type\":\"PropertyValueSpecification\",\"valueRequired\":true,\"valueName\":\"search_term_string\"}}],\"inLanguage\":\"hu\"},{\"@type\":[\"Person\",\"Organization\"],\"@id\":\"https:\/\/lubu.hu\/#\/schema\/person\/d6d149ba5b76e39edaa9e71d68ef076a\",\"name\":\"lukacspeter@outlook.hu\",\"image\":{\"@type\":\"ImageObject\",\"inLanguage\":\"hu\",\"@id\":\"https:\/\/lubu.hu\/#\/schema\/person\/image\/\",\"url\":\"https:\/\/secure.gravatar.com\/avatar\/ce258f504fc85a258d807f19cecbc60528ed4c8863a94cd7b1163667544bf084?s=96&d=mm&r=g\",\"contentUrl\":\"https:\/\/secure.gravatar.com\/avatar\/ce258f504fc85a258d807f19cecbc60528ed4c8863a94cd7b1163667544bf084?s=96&d=mm&r=g\",\"caption\":\"lukacspeter@outlook.hu\"},\"logo\":{\"@id\":\"https:\/\/lubu.hu\/#\/schema\/person\/image\/\"},\"sameAs\":[\"http:\/\/lubu.hu\"]}]}<\/script>\n<!-- \/ Yoast SEO plugin. -->","yoast_head_json":{"title":"Adatkezel\u00e9si t\u00e1j\u00e9koztat\u00f3 \u2013 Lubu B\u00fatorAdatv\u00e9delem -","description":"Adatkezel\u00e9si \u00e9s adatv\u00e9delmi inform\u00e1ci\u00f3k a Lubu B\u00fator weboldal\u00e1n. Tudj meg mindent a kezelt adatokr\u00f3l \u00e9s jogaidr\u00f3l.","robots":{"index":"index","follow":"follow","max-snippet":"max-snippet:-1","max-image-preview":"max-image-preview:large","max-video-preview":"max-video-preview:-1"},"canonical":"https:\/\/lubu.hu\/?page_id=569","og_locale":"hu_HU","og_type":"article","og_title":"Adatkezel\u00e9si t\u00e1j\u00e9koztat\u00f3 \u2013 Lubu B\u00fatorAdatv\u00e9delem -","og_description":"Adatkezel\u00e9si \u00e9s adatv\u00e9delmi inform\u00e1ci\u00f3k a Lubu B\u00fator weboldal\u00e1n. Tudj meg mindent a kezelt adatokr\u00f3l \u00e9s jogaidr\u00f3l.","og_url":"https:\/\/lubu.hu\/?page_id=569","article_modified_time":"2025-11-30T11:21:58+00:00","og_image":[{"url":"https:\/\/lubu.hu\/wp-content\/uploads\/2025\/11\/logo001-removebg-preview.png","type":"","width":"","height":""}],"twitter_card":"summary_large_image","twitter_misc":{"Becs\u00fclt olvas\u00e1si id\u0151":"2 perc"},"schema":{"@context":"https:\/\/schema.org","@graph":[{"@type":"WebPage","@id":"https:\/\/lubu.hu\/?page_id=569","url":"https:\/\/lubu.hu\/?page_id=569","name":"Adatkezel\u00e9si t\u00e1j\u00e9koztat\u00f3 \u2013 Lubu B\u00fatorAdatv\u00e9delem -","isPartOf":{"@id":"https:\/\/lubu.hu\/#website"},"primaryImageOfPage":{"@id":"https:\/\/lubu.hu\/?page_id=569#primaryimage"},"image":{"@id":"https:\/\/lubu.hu\/?page_id=569#primaryimage"},"thumbnailUrl":"https:\/\/lubu.hu\/wp-content\/uploads\/2025\/11\/logo001-removebg-preview.png","datePublished":"2025-10-28T21:52:55+00:00","dateModified":"2025-11-30T11:21:58+00:00","description":"Adatkezel\u00e9si \u00e9s adatv\u00e9delmi inform\u00e1ci\u00f3k a Lubu B\u00fator weboldal\u00e1n. Tudj meg mindent a kezelt adatokr\u00f3l \u00e9s jogaidr\u00f3l.","breadcrumb":{"@id":"https:\/\/lubu.hu\/?page_id=569#breadcrumb"},"inLanguage":"hu","potentialAction":[{"@type":"ReadAction","target":["https:\/\/lubu.hu\/?page_id=569"]}]},{"@type":"ImageObject","inLanguage":"hu","@id":"https:\/\/lubu.hu\/?page_id=569#primaryimage","url":"https:\/\/lubu.hu\/wp-content\/uploads\/2025\/11\/logo001-removebg-preview.png","contentUrl":"https:\/\/lubu.hu\/wp-content\/uploads\/2025\/11\/logo001-removebg-preview.png","width":500,"height":500},{"@type":"BreadcrumbList","@id":"https:\/\/lubu.hu\/?page_id=569#breadcrumb","itemListElement":[{"@type":"ListItem","position":1,"name":"Kezd\u0151lap","item":"https:\/\/lubu.hu\/"},{"@type":"ListItem","position":2,"name":"Adatv\u00e9delem"}]},{"@type":"WebSite","@id":"https:\/\/lubu.hu\/#website","url":"https:\/\/lubu.hu\/","name":"lubu.hu","description":"","publisher":{"@id":"https:\/\/lubu.hu\/#\/schema\/person\/d6d149ba5b76e39edaa9e71d68ef076a"},"potentialAction":[{"@type":"SearchAction","target":{"@type":"EntryPoint","urlTemplate":"https:\/\/lubu.hu\/?s={search_term_string}"},"query-input":{"@type":"PropertyValueSpecification","valueRequired":true,"valueName":"search_term_string"}}],"inLanguage":"hu"},{"@type":["Person","Organization"],"@id":"https:\/\/lubu.hu\/#\/schema\/person\/d6d149ba5b76e39edaa9e71d68ef076a","name":"lukacspeter@outlook.hu","image":{"@type":"ImageObject","inLanguage":"hu","@id":"https:\/\/lubu.hu\/#\/schema\/person\/image\/","url":"https:\/\/secure.gravatar.com\/avatar\/ce258f504fc85a258d807f19cecbc60528ed4c8863a94cd7b1163667544bf084?s=96&d=mm&r=g","contentUrl":"https:\/\/secure.gravatar.com\/avatar\/ce258f504fc85a258d807f19cecbc60528ed4c8863a94cd7b1163667544bf084?s=96&d=mm&r=g","caption":"lukacspeter@outlook.hu"},"logo":{"@id":"https:\/\/lubu.hu\/#\/schema\/person\/image\/"},"sameAs":["http:\/\/lubu.hu"]}]}},"_links":{"self":[{"href":"https:\/\/lubu.hu\/index.php?rest_route=\/wp\/v2\/pages\/569","targetHints":{"allow":["GET"]}}],"collection":[{"href":"https:\/\/lubu.hu\/index.php?rest_route=\/wp\/v2\/pages"}],"about":[{"href":"https:\/\/lubu.hu\/index.php?rest_route=\/wp\/v2\/types\/page"}],"author":[{"embeddable":true,"href":"https:\/\/lubu.hu\/index.php?rest_route=\/wp\/v2\/users\/1"}],"replies":[{"embeddable":true,"href":"https:\/\/lubu.hu\/index.php?rest_route=%2Fwp%2Fv2%2Fcomments&post=569"}],"version-history":[{"count":26,"href":"https:\/\/lubu.hu\/index.php?rest_route=\/wp\/v2\/pages\/569\/revisions"}],"predecessor-version":[{"id":5101,"href":"https:\/\/lubu.hu\/index.php?rest_route=\/wp\/v2\/pages\/569\/revisions\/5101"}],"wp:attachment":[{"href":"https:\/\/lubu.hu\/index.php?rest_route=%2Fwp%2Fv2%2Fmedia&parent=569"}],"curies":[{"name":"wp","href":"https:\/\/api.w.org\/{rel}","templated":true}]}}